{"id":3,"date":"2019-06-27T19:50:09","date_gmt":"2019-06-27T19:50:09","guid":{"rendered":"http:\/\/pre-sitioweb.com\/mis2019\/?page_id=3"},"modified":"2024-10-18T18:47:51","modified_gmt":"2024-10-18T18:47:51","slug":"privacidad","status":"publish","type":"page","link":"https:\/\/misimplants.com.mx\/especialistas\/privacidad\/","title":{"rendered":"Pol\u00edtica de Privacidad"},"content":{"rendered":"<div class=\"wpb-content-wrapper\"><p>[vc_row][vc_column][vc_column_text css=\u00bb\u00bb]<\/p>\r\n<h4 class=\"wp-block-heading\"><strong>Pol\u00edticas de privacidad y T\u00e9rminos de uso sitio web MIS Implants MX<\/strong><\/h4>\r\n\r\n\r\n\r\n<h5><strong>Bienvenido al sitio web y tienda en l\u00ednea MIS Implants M\u00e9xico.<\/strong>\u00a0 A continuaci\u00f3n se presenta nuestro aviso de privacidad y t\u00e9rminos de uso. Si decide navegar en nuestro web <span style=\"color: #0000ff;\">www.misimplants.com.mx<\/span> o compra en nuestra tienda en l\u00ednea estar\u00e1 aceptando nuestras Pol\u00edticas de privacidad y T\u00e9rminos de uso.<\/h5>\r\n<h5><strong>Aviso de Privacidad<\/strong><\/h5>\r\n<h5>El presente aviso de privacidad rige el tratamiento de los datos personales por parte de MIS Implants M\u00e9xico SA de CV, en los t\u00e9rminos previstos por la Ley Federal de Protecci\u00f3n de Datos Personales en Posesi\u00f3n de los Particulares (la Ley) y su Reglamento, y dem\u00e1s disposiciones administrativas derivadas o relacionadas con la Ley.<\/h5>\r\n<h5><strong>I. Informaci\u00f3n que se recolecta y mecanismos para su recolecci\u00f3n <\/strong><\/h5>\r\n<h5>MIS Implants M\u00e9xico SA de CV trata sus datos personales, es decir, aquella informaci\u00f3n que puede identificarle razonablemente, y que puede constar en diversos documentos, sean impresos o en mensajes de datos. Los datos personales que se recolectan y\/o tratan incluyen, entre otros, su nombre y apellidos; domicilio, sea particular, de trabajo, o fiscal; direcci\u00f3n de correo electr\u00f3nico, personal o del trabajo; n\u00famero telef\u00f3nico, particular o del trabajo; informaci\u00f3n profesional; u otros de naturaleza an\u00e1loga que permitan a MIS Implants M\u00e9xico SA de CV operar y cumplir con sus obligaciones y estrategias comerciales, administrativas y laborales.<\/h5>\r\n<h5>Los datos personales se recolectan mediante:<\/h5>\r\n<h5>1- Recolecci\u00f3n de correos electr\u00f3nicos en expos y eventos.<\/h5>\r\n<h5>2- Comunicaci\u00f3n telef\u00f3nica con nuestros asesores de ventas MIS M\u00e9xico autorizados.<\/h5>\r\n<h5>3- El suministro voluntario de informaci\u00f3n y datos personales en entrevistas y capacitaci\u00f3n con asesores autorizados MIS M\u00e9xico<\/h5>\r\n<h5>4- La utilizaci\u00f3n de fuentes de acceso p\u00fablico (impresas y digitales) y de otras fuentes disponibles en el mercado.<\/h5>\r\n<h5><strong>II. Finalidades del tratamiento <\/strong><\/h5>\r\n<h5>Las finalidades principales del tratamiento de los datos personales en el \u00e1mbito de los servicios al cliente son:<\/h5>\r\n<h5>1- Integrar y mantener actualizada una base de datos de clientes<\/h5>\r\n<h5>2- Suministrar informaci\u00f3n al cliente sobre nuevos servicios, productos y promociones.<\/h5>\r\n<h5>3- Permitir la contrataci\u00f3n de nuestros productos, servicios o contenidos.<\/h5>\r\n<h5>4- Crear productos, servicios o contenidos que satisfagan necesidades del Cliente.<\/h5>\r\n<h5>5- Dar acceso al cliente a los servicios, productos y contenidos provistos por MIS Implants M\u00e9xico.<\/h5>\r\n<h5>6- Facilitar al cliente la b\u00fasqueda de informaci\u00f3n relevante respecto a los servicios y productos que le resulten de su inter\u00e9s.<\/h5>\r\n<h5>7- Crear, desarrollar e instrumentar campa\u00f1as publicitarias (impresas y digitales) y de mercadotecnia sobre productos, servicios y marcas para comunicarlas a clientes.<\/h5>\r\n<h5>8- Elaboraci\u00f3n de estrategias de medios y puntos de venta (ATL \u2013 BTL)<\/h5>\r\n<h5>9- Env\u00edo de facturas y gesti\u00f3n de la cobranza.<\/h5>\r\n<h5>Las finalidades descritas en el inciso 3 son necesarias y dan origen, a la relaci\u00f3n jur\u00eddica entre usted y MIS Implants M\u00e9xico SA de CV.<\/h5>\r\n<h5>En el \u00e1mbito de los proveedores, las finalidades principales del tratamiento de datos personales son:<\/h5>\r\n<h5>1- Gesti\u00f3n de proveedores: incluyendo su proceso de selecci\u00f3n y contrataci\u00f3n, la gesti\u00f3n de las solicitudes de \u00f3rdenes de contrataci\u00f3n o compra.<\/h5>\r\n<h5>2- Recepci\u00f3n y pago de facturas y\/o recibos de honorarios y otras finalidades de naturaleza an\u00e1loga. Las finalidades descritas en el inciso 1 son necesarias y dan origen, a la relaci\u00f3n jur\u00eddica entre usted MIS Implants M\u00e9xico SA de CV<\/h5>\r\n<h5><strong>III. Transferencias de datos <\/strong><\/h5>\r\n<h5>MIS Implants M\u00e9xico SA de CV hace de su conocimiento que con el objeto de cumplir con sus obligaciones comerciales, incluyendo la prestaci\u00f3n de servicios a sus clientes y la contrataci\u00f3n de proveedores, MIS Implants M\u00e9xico SA de CV ha celebrado o celebrar\u00e1 diversos contratos con proveedores y distribuidores ubicados en territorio nacional como en el extranjero, para que le suministren distintos servicios que permitan a MIS Implants M\u00e9xico SA de CV llevar a cabo sus actividades en M\u00e9xico, en el entendido de que dichos proveedores est\u00e1n obligados, a mantener la confidencialidad de los datos personales suministrados y a observar el Aviso de Privacidad de MIS Implants M\u00e9xico SA de CV.<\/h5>\r\n<h5><strong>IV. Medidas para proteger los datos personales <\/strong><\/h5>\r\n<h5>Los datos personales tratados por MIS Implants M\u00e9xico SA de CV se encuentran protegidos por medidas de seguridad administrativas, t\u00e9cnicas y f\u00edsicas adecuadas contra el da\u00f1o, p\u00e9rdida, alteraci\u00f3n, destrucci\u00f3n o uso, acceso o tratamiento no autorizados, de conformidad con lo dispuesto en la Ley y su Reglamento. Todos los datos personales almacenados en formato electr\u00f3nico, se mantienen en bancos de datos confidenciales y seguros.<\/h5>\r\n<h5><strong>V. Medios para hacer valer los Derechos ARCO<\/strong><\/h5>\r\n<h5>Para ejercer los Derechos ARCO, el Titular o su representante puede presentar ante MIS Implants M\u00e9xico SA de CV una solicitud de acceso, rectificaci\u00f3n, cancelaci\u00f3n u oposici\u00f3n al tratamiento de datos a trav\u00e9s de los distintos medios que ponemos a su disposici\u00f3n: Tel: (55)1579 6586 \/\/ 01 800 8389 647 y al mail: <span style=\"color: #0000ff;\">info@misimplants.com.mx <\/span><\/h5>\r\n<h5>S\u00edrvase solicitar por correo electr\u00f3nico los formatos de solicitud de acceso, rectificaci\u00f3n, cancelaci\u00f3n u oposici\u00f3n al tratamiento de datos.<\/h5>\r\n<h5><strong>VI. Departamento de Protecci\u00f3n de Datos. <\/strong><\/h5>\r\n<h5>Para cualquier consulta que tenga en torno a la protecci\u00f3n de sus datos personales, s\u00edrvase contactarnos en nuestra oficina central en: Francisco Petrarca #223 interior 606 Colonia Polanco Chapultepec, Delegaci\u00f3n Miguel Hidalgo, CP 11560 CDMX o mediante correo electr\u00f3nico dirigido a: <span style=\"color: #0000ff;\">info@misimplants.com.mx<\/span><\/h5>\r\n<h5><strong>VII. Cambios a los avisos de privacidad <\/strong><\/h5>\r\n<h5>MIS Implants M\u00e9xico SA de CV podr\u00e1 modificar sus avisos de privacidad con el objeto de instrumentar mejoras, incorporar nuevas medidas previstas en la Ley y otras disposiciones normativas, cuesti\u00f3n por la cual le sugerimos revisar con regularidad su contenido. La informaci\u00f3n proporcionada en nuestro sitio web est\u00e1 destinada exclusivamente a fines informativos, educativos y comerciales de tipo general. Lea y estudie cuidadosamente las presentes condiciones de uso antes de acceder al sitio web o utilizarlo. Al acceder al sitio web o utilizarlo, certifica usted haber le\u00eddo, comprendido y aceptado el presente contrato de condiciones de uso. Queda prohibido acceder al sitio o utilizarlo si no se aceptan las condiciones de uso.<\/h5>\r\n<h5><strong>Condiciones generales de uso<\/strong><\/h5>\r\n<h5>Todo el contenido de nuestro sitio web y el software empleado en el mismo se halla bajo la propiedad o el control de MIS Implants M\u00e9xico SA de CV y sus distribuidores, y est\u00e1 protegido internacionalmente por la legislaci\u00f3n sobre copyright y propiedad intelectual.<\/h5>\r\n<h5>MIS Implants M\u00e9xico SA de CV le concede a usted una autorizaci\u00f3n limitada y restringida para acceder al contenido y descargarlo exclusivamente para su uso personal no comercial. No se permite la modificaci\u00f3n o reproducci\u00f3n interior del contenido. El contenido no podr\u00e1 ser copiado o utilizado de ninguna otra forma sin el consentimiento expreso por escrito de MIS Implants M\u00e9xico SA de CV.<\/h5>\r\n<h5>La informaci\u00f3n proporcionada en nuestro sitio web secci\u00f3n pacientes es de naturaleza general y no sustituye a la atenci\u00f3n m\u00e9dica u odontol\u00f3gica, ni pretende constituir atenci\u00f3n m\u00e9dica u odontol\u00f3gica. Si tiene o cree tener usted un problema m\u00e9dico, dental u otro tipo de problema sanitario, debe consultar al correspondiente profesional sanitario. En cuanto a los facultativos, deben leer el prospecto antes de usar cualquier producto.<\/h5>\r\n<h5>MIS Implants M\u00e9xico SA de CV realizar\u00e1 un esfuerzo razonable para incluir en nuestros sitio web informaci\u00f3n actualizada y exacta, pero no proporciona ninguna aseveraci\u00f3n, garant\u00eda ni seguridad en cuanto a la disponibilidad, exactitud, actualidad ni car\u00e1cter completo de nuestro sitio web en su secci\u00f3n pacientes, su informaci\u00f3n ni su contenido.<\/h5>\r\n<h5>MIS Implants M\u00e9xico SA de CV declina toda responsabilidad por da\u00f1os o lesiones derivados de su acceso a este sitio web o su incapacidad de acceder al mismo, de su utilizaci\u00f3n o de cualquier informaci\u00f3n proporcionada en el mismo, o de su confianza en este sitio web o en cualquier informaci\u00f3n proporcionada en el mismo.<\/h5>\r\n<h5>El sitio web MIS Implants M\u00e9xico SA de CV puede proporcionar enlaces o referencias a otros sitios, y puede accederse al mismo mediante enlaces de sitios web de terceros sobre los que MIS Implants M\u00e9xico SA de CV carece de control. MIS Implants M\u00e9xico SA de CV no es responsable del contenido de estos otros sitios y declina cualquier responsabilidad por da\u00f1os o lesiones derivados de dicho contenido o del acceso al mismo. Cualquier enlace a otros sitios se proporciona como un simple servicio de utilidad para los usuarios del presente sitio web.<\/h5>\r\n<h5>MIS Implants M\u00e9xico SA de CV se reserva el derecho a eliminar, modificar o complementar el contenido, los enlaces o las referencias de nuestro sitio web en cualquier momento y por cualquier motivo, sin notificaci\u00f3n. Los productos mencionados en nuestro sitio web pueden no estar autorizados para su venta en todas las zonas a nivel nacional. Cualquier oferta de producto realizada en nuestro sitio web ser\u00e1 nula en aquellos lugares donde est\u00e9 prohibida. P\u00f3ngase en contacto con nuestros Asesores MIS M\u00e9xico a nivel nacional para obtener un listado completo actualizado de los productos disponibles en el mercado.<\/h5>\r\n<h5>Este sitio web y su contenido e informaci\u00f3n se proporcionan \u00abtal cual\u00bb, sin garant\u00edas de ninguna clase. En toda la amplitud en que lo permita la legislaci\u00f3n aceptable, y salvo lo espec\u00edficamente dispuesto aqu\u00ed, MIS Implants M\u00e9xico SA de CV no proporciona ninguna clase de garant\u00eda ni aseveraci\u00f3n en relaci\u00f3n con el sitio web, su contenido ni los productos o servicios proporcionados o vendidos por cualquier tercero. MIS Implants M\u00e9xico SA de CV desmiente expresamente en relaci\u00f3n con ello cualquier garant\u00eda impl\u00edcita o expl\u00edcita comercializada y\/o adecuaci\u00f3n para un fin determinado o no contravenci\u00f3n.<\/h5>\r\n<h5>MIS Implants M\u00e9xico SA de CV declina toda responsabilidad por los da\u00f1os de cualquier clase derivados del uso de este sitio web, entre ellos con car\u00e1cter enumerativo no limitativo los da\u00f1os directos, indirectos, incidentales, punitivos o consecuentes. Sin limitaci\u00f3n de lo anterior, no se garantiza que el sitio web o cualquier informaci\u00f3n proporcionada por MIS M\u00e9xico no presente interrupciones o no contenga virus o errores.<\/h5>\r\n<h5>Algunas jurisdicciones no permiten declinar las garant\u00edas impl\u00edcitas, por lo que la anterior exenci\u00f3n de responsabilidad puede no ser aplicable en su caso.<\/h5>\r\n<h5>Las im\u00e1genes de personas mostradas en nuestro sitio web secci\u00f3n pacientes tienen car\u00e1cter meramente ilustrativo. Estas personas no son usuarios directos del portafolio de productos MIS M\u00e9xico, ni pacientes tratados con dichos productos, salvo que as\u00ed se indique espec\u00edficamente. Todos los nombres de producto, independientemente de que aparezcan o no en letras de gran tama\u00f1o o con el s\u00edmbolo de marca registrada, son marcas registradas de MIS Implants Ltd, sus filiales o empresas relacionada<\/h5>\r\n<p>&nbsp;<\/p>\r\n\r\n<p>&nbsp;<\/p>\r\n<p>[\/vc_column_text][\/vc_column][\/vc_row]<\/p><\/div>","protected":false},"excerpt":{"rendered":"<p>[vc_row][vc_column][vc_column_text css=\u00bb\u00bb] Pol\u00edticas de privacidad y T\u00e9rminos de uso sitio web MIS Implants MX Bienvenido&hellip;<\/p>\n","protected":false},"author":1,"featured_media":0,"parent":0,"menu_order":0,"comment_status":"closed","ping_status":"closed","template":"","meta":{"_uf_show_specific_survey":0,"_uf_disable_surveys":false,"footnotes":""},"class_list":["post-3","page","type-page","status-publish","hentry"],"yoast_head":"<!-- This site is optimized with the Yoast SEO plugin v26.1.1 - https:\/\/yoast.com\/wordpress\/plugins\/seo\/ -->\n<title>Pol\u00edtica de Privacidad - Especialistas<\/title>\n<meta name=\"description\" content=\"El objetivo de esta Pol\u00edtica de Privacidad es informarte sobre qu\u00e9 datos recogemos, por qu\u00e9 y c\u00f3mo puedes actualizarlos y gestionarlos.\" \/>\n<meta name=\"robots\" content=\"index, follow, max-snippet:-1, max-image-preview:large, max-video-preview:-1\" \/>\n<link rel=\"canonical\" href=\"https:\/\/misimplants.com.mx\/especialistas\/privacidad\/\" \/>\n<meta name=\"twitter:label1\" content=\"Tiempo de lectura\" \/>\n\t<meta name=\"twitter:data1\" content=\"8 minutos\" \/>\n<script type=\"application\/ld+json\" class=\"yoast-schema-graph\">{\"@context\":\"https:\/\/schema.org\",\"@graph\":[{\"@type\":\"WebPage\",\"@id\":\"https:\/\/misimplants.com.mx\/especialistas\/privacidad\/\",\"url\":\"https:\/\/misimplants.com.mx\/especialistas\/privacidad\/\",\"name\":\"Pol\u00edtica de Privacidad - Especialistas\",\"isPartOf\":{\"@id\":\"https:\/\/misimplants.com.mx\/especialistas\/#website\"},\"datePublished\":\"2019-06-27T19:50:09+00:00\",\"dateModified\":\"2024-10-18T18:47:51+00:00\",\"description\":\"El objetivo de esta Pol\u00edtica de Privacidad es informarte sobre qu\u00e9 datos recogemos, por qu\u00e9 y c\u00f3mo puedes actualizarlos y gestionarlos.\",\"breadcrumb\":{\"@id\":\"https:\/\/misimplants.com.mx\/especialistas\/privacidad\/#breadcrumb\"},\"inLanguage\":\"es\",\"potentialAction\":[{\"@type\":\"ReadAction\",\"target\":[\"https:\/\/misimplants.com.mx\/especialistas\/privacidad\/\"]}]},{\"@type\":\"BreadcrumbList\",\"@id\":\"https:\/\/misimplants.com.mx\/especialistas\/privacidad\/#breadcrumb\",\"itemListElement\":[{\"@type\":\"ListItem\",\"position\":1,\"name\":\"Inicio\",\"item\":\"https:\/\/misimplants.com.mx\/especialistas\/\"},{\"@type\":\"ListItem\",\"position\":2,\"name\":\"Pol\u00edtica de Privacidad\"}]},{\"@type\":\"WebSite\",\"@id\":\"https:\/\/misimplants.com.mx\/especialistas\/#website\",\"url\":\"https:\/\/misimplants.com.mx\/especialistas\/\",\"name\":\"Especialistas\",\"description\":\"MIS Implants\",\"potentialAction\":[{\"@type\":\"SearchAction\",\"target\":{\"@type\":\"EntryPoint\",\"urlTemplate\":\"https:\/\/misimplants.com.mx\/especialistas\/?s={search_term_string}\"},\"query-input\":{\"@type\":\"PropertyValueSpecification\",\"valueRequired\":true,\"valueName\":\"search_term_string\"}}],\"inLanguage\":\"es\"}]}<\/script>\n<!-- \/ Yoast SEO plugin. -->","yoast_head_json":{"title":"Pol\u00edtica de Privacidad - Especialistas","description":"El objetivo de esta Pol\u00edtica de Privacidad es informarte sobre qu\u00e9 datos recogemos, por qu\u00e9 y c\u00f3mo puedes actualizarlos y gestionarlos.","robots":{"index":"index","follow":"follow","max-snippet":"max-snippet:-1","max-image-preview":"max-image-preview:large","max-video-preview":"max-video-preview:-1"},"canonical":"https:\/\/misimplants.com.mx\/especialistas\/privacidad\/","twitter_misc":{"Tiempo de lectura":"8 minutos"},"schema":{"@context":"https:\/\/schema.org","@graph":[{"@type":"WebPage","@id":"https:\/\/misimplants.com.mx\/especialistas\/privacidad\/","url":"https:\/\/misimplants.com.mx\/especialistas\/privacidad\/","name":"Pol\u00edtica de Privacidad - Especialistas","isPartOf":{"@id":"https:\/\/misimplants.com.mx\/especialistas\/#website"},"datePublished":"2019-06-27T19:50:09+00:00","dateModified":"2024-10-18T18:47:51+00:00","description":"El objetivo de esta Pol\u00edtica de Privacidad es informarte sobre qu\u00e9 datos recogemos, por qu\u00e9 y c\u00f3mo puedes actualizarlos y gestionarlos.","breadcrumb":{"@id":"https:\/\/misimplants.com.mx\/especialistas\/privacidad\/#breadcrumb"},"inLanguage":"es","potentialAction":[{"@type":"ReadAction","target":["https:\/\/misimplants.com.mx\/especialistas\/privacidad\/"]}]},{"@type":"BreadcrumbList","@id":"https:\/\/misimplants.com.mx\/especialistas\/privacidad\/#breadcrumb","itemListElement":[{"@type":"ListItem","position":1,"name":"Inicio","item":"https:\/\/misimplants.com.mx\/especialistas\/"},{"@type":"ListItem","position":2,"name":"Pol\u00edtica de Privacidad"}]},{"@type":"WebSite","@id":"https:\/\/misimplants.com.mx\/especialistas\/#website","url":"https:\/\/misimplants.com.mx\/especialistas\/","name":"Especialistas","description":"MIS Implants","potentialAction":[{"@type":"SearchAction","target":{"@type":"EntryPoint","urlTemplate":"https:\/\/misimplants.com.mx\/especialistas\/?s={search_term_string}"},"query-input":{"@type":"PropertyValueSpecification","valueRequired":true,"valueName":"search_term_string"}}],"inLanguage":"es"}]}},"_links":{"self":[{"href":"https:\/\/misimplants.com.mx\/especialistas\/wp-json\/wp\/v2\/pages\/3","targetHints":{"allow":["GET"]}}],"collection":[{"href":"https:\/\/misimplants.com.mx\/especialistas\/wp-json\/wp\/v2\/pages"}],"about":[{"href":"https:\/\/misimplants.com.mx\/especialistas\/wp-json\/wp\/v2\/types\/page"}],"author":[{"embeddable":true,"href":"https:\/\/misimplants.com.mx\/especialistas\/wp-json\/wp\/v2\/users\/1"}],"replies":[{"embeddable":true,"href":"https:\/\/misimplants.com.mx\/especialistas\/wp-json\/wp\/v2\/comments?post=3"}],"version-history":[{"count":3,"href":"https:\/\/misimplants.com.mx\/especialistas\/wp-json\/wp\/v2\/pages\/3\/revisions"}],"predecessor-version":[{"id":100810,"href":"https:\/\/misimplants.com.mx\/especialistas\/wp-json\/wp\/v2\/pages\/3\/revisions\/100810"}],"wp:attachment":[{"href":"https:\/\/misimplants.com.mx\/especialistas\/wp-json\/wp\/v2\/media?parent=3"}],"curies":[{"name":"wp","href":"https:\/\/api.w.org\/{rel}","templated":true}]}}